{"id":9,"date":"2023-04-03T15:31:03","date_gmt":"2023-04-03T18:31:03","guid":{"rendered":"https:\/\/todomundocabeaqui.com.br\/?page_id=9"},"modified":"2026-02-20T18:04:10","modified_gmt":"2026-02-20T21:04:10","slug":"home","status":"publish","type":"page","link":"https:\/\/todomundocabeaqui.com.br\/","title":{"rendered":"Home"},"content":{"rendered":"<p>[et_pb_section fb_built=&#8221;1&#8243; fullwidth=&#8221;on&#8221; _builder_version=&#8221;4.20.2&#8243; _module_preset=&#8221;default&#8221; global_colors_info=&#8221;{}&#8221;][et_pb_fullwidth_image src=&#8221;http:\/\/todomundocabeaqui.com.br\/wp-content\/uploads\/2026\/02\/banner-home-scaled.png&#8221; title_text=&#8221;banner-home&#8221; _builder_version=&#8221;4.27.5&#8243; _module_preset=&#8221;default&#8221; custom_padding=&#8221;||38px|||&#8221; hover_enabled=&#8221;0&#8243; global_colors_info=&#8221;{}&#8221; sticky_enabled=&#8221;0&#8243;][\/et_pb_fullwidth_image][\/et_pb_section][et_pb_section fb_built=&#8221;1&#8243; module_id=&#8221;quemsomos&#8221; _builder_version=&#8221;4.27.5&#8243; _module_preset=&#8221;default&#8221; background_color=&#8221;#181e46&#8243; custom_margin=&#8221;-43px|||||&#8221; custom_padding=&#8221;0px|||||&#8221; global_colors_info=&#8221;{}&#8221;][et_pb_row _builder_version=&#8221;4.20.2&#8243; _module_preset=&#8221;default&#8221; custom_padding=&#8221;43px|||||&#8221; global_colors_info=&#8221;{}&#8221;][et_pb_column type=&#8221;4_4&#8243; _builder_version=&#8221;4.20.2&#8243; _module_preset=&#8221;default&#8221; global_colors_info=&#8221;{}&#8221;][et_pb_text _builder_version=&#8221;4.27.5&#8243; _module_preset=&#8221;default&#8221; global_colors_info=&#8221;{}&#8221;]<\/p>\n<p>&nbsp;<\/p>\n<p><img loading=\"lazy\" decoding=\"async\" src=\"http:\/\/todomundocabeaqui.com.br\/wp-content\/uploads\/2026\/02\/2-imagem-1-sobre-o-todo-mundo-cabe-aqui-1024x700.png\" width=\"673\" height=\"460\" alt=\"\" class=\"wp-image-228 alignnone size-large\" style=\"display: block; margin-left: auto; margin-right: auto;\" \/><\/p>\n<p>&nbsp;<\/p>\n<h1 style=\"text-align: center;\"><strong><span style=\"color: #99d6f9;\">SOBRE <\/span><span style=\"color: #ffffff;\">O TODO MUNDO CABE AQUI<\/span><\/strong><\/h1>\n<p><strong><span style=\"color: #ffffff;\"><\/span><\/strong><\/p>\n<p><strong><span style=\"color: #ffffff;\"><\/span><\/strong><\/p>\n<p><span style=\"color: #ffffff;\">O Todo Mundo Cabe Aqui \u00e9 um projeto educativo e social que nasce do encontro entre viv\u00eancia real, empatia e a urg\u00eancia de falar sobre inclus\u00e3o desde a inf\u00e2ncia.<\/span><\/p>\n<p><span style=\"color: #ffffff;\">Nosso prop\u00f3sito \u00e9 promover o respeito \u00e0s diferen\u00e7as, combater o preconceito, o bullying e todas as formas de exclus\u00e3o, criando espa\u00e7os mais humanos, acess\u00edveis e acolhedores para todas as pessoas.<\/span><\/p>\n<p><span style=\"color: #ffffff;\">Acreditamos que a educa\u00e7\u00e3o \u00e9 o caminho mais potente para a transforma\u00e7\u00e3o social. Por isso, atuamos junto a escolas, fam\u00edlias e institui\u00e7\u00f5es, levando informa\u00e7\u00e3o, sensibiliza\u00e7\u00e3o e di\u00e1logo de forma simples, afetiva e profunda.<\/span><\/p>\n<p><span style=\"color: #ffffff;\">O Todo Mundo Cabe Aqui existe para lembrar que diversidade n\u00e3o \u00e9 exce\u00e7\u00e3o, \u00e9 regra. E que quando aprendemos cedo a conviver com as diferen\u00e7as, constru\u00edmos um futuro mais justo para todos.<\/span><\/p>\n<p><span style=\"color: #ffffff;\"><\/span><\/p>\n<p>[\/et_pb_text][\/et_pb_column][\/et_pb_row][\/et_pb_section][et_pb_section fb_built=&#8221;1&#8243; module_id=&#8221;acoes&#8221; _builder_version=&#8221;4.27.5&#8243; _module_preset=&#8221;default&#8221; background_color=&#8221;#f4f8ff&#8221; global_colors_info=&#8221;{}&#8221;][et_pb_row _builder_version=&#8221;4.24.1&#8243; _module_preset=&#8221;default&#8221; global_colors_info=&#8221;{}&#8221;][et_pb_column type=&#8221;4_4&#8243; _builder_version=&#8221;4.24.1&#8243; _module_preset=&#8221;default&#8221; global_colors_info=&#8221;{}&#8221;][et_pb_text _builder_version=&#8221;4.27.5&#8243; _module_preset=&#8221;default&#8221; global_colors_info=&#8221;{}&#8221;]<\/p>\n<p><img loading=\"lazy\" decoding=\"async\" src=\"http:\/\/todomundocabeaqui.com.br\/wp-content\/uploads\/2026\/02\/4-imagem-3-nossas-acoes-1024x955.png\" width=\"459\" height=\"428\" alt=\"\" class=\"wp-image-230 alignnone size-large\" style=\"display: block; margin-left: auto; margin-right: auto;\" \/><\/p>\n<h1><strong><\/strong><\/h1>\n<h1><strong><\/strong><\/h1>\n<h1><strong><\/strong><\/h1>\n<h1><strong><\/strong><\/h1>\n<h1 style=\"text-align: center;\"><strong><\/strong><\/h1>\n<h1 style=\"text-align: center;\"><strong><\/strong><\/h1>\n<h1 style=\"text-align: center;\"><strong>\u00a0<span style=\"color: #181e46;\">NOSSAS<\/span> <span style=\"color: #99d6f9;\">A\u00c7\u00d5ES:<\/span><\/strong><\/h1>\n<p>&nbsp;<\/p>\n<p>O projeto Todo Mundo Cabe Aqui desenvolve materiais e a\u00e7\u00f5es educativas <br \/>voltadas \u00e0 conscientiza\u00e7\u00e3o e \u00e0 constru\u00e7\u00e3o de uma cultura de respeito e empatia.\u00a0<\/p>\n<p>Nossas principais frentes de atua\u00e7\u00e3o:<\/p>\n<ul>\n<li>Cartilha educativa infantil sobre inclus\u00e3o, diversidade, empatia e combate ao bullying<\/li>\n<li>A\u00e7\u00f5es educativas em escolas p\u00fablicas e privadas<\/li>\n<li>Encontros, palestras e rodas de conversa com educadores e fam\u00edlias<\/li>\n<li>Parcerias com institui\u00e7\u00f5es p\u00fablicas e privadas para projetos culturais e educacionais<\/li>\n<\/ul>\n<p>Todo o conte\u00fado \u00e9 pensado para dialogar com crian\u00e7as, educadores e respons\u00e1veis, de forma acess\u00edvel, sens\u00edvel e transformadora.<\/p>\n<p>[\/et_pb_text][\/et_pb_column][\/et_pb_row][\/et_pb_section][et_pb_section fb_built=&#8221;1&#8243; module_id=&#8221;cartilha&#8221; _builder_version=&#8221;4.27.5&#8243; _module_preset=&#8221;default&#8221; background_color=&#8221;#181e46&#8243; custom_padding=&#8221;|||2px||&#8221; global_colors_info=&#8221;{}&#8221;][et_pb_row _builder_version=&#8221;4.24.1&#8243; _module_preset=&#8221;default&#8221; global_colors_info=&#8221;{}&#8221;][et_pb_column type=&#8221;4_4&#8243; _builder_version=&#8221;4.24.1&#8243; _module_preset=&#8221;default&#8221; global_colors_info=&#8221;{}&#8221;][et_pb_text _builder_version=&#8221;4.27.5&#8243; _module_preset=&#8221;default&#8221; global_colors_info=&#8221;{}&#8221;]<\/p>\n<p><img loading=\"lazy\" decoding=\"async\" src=\"http:\/\/todomundocabeaqui.com.br\/wp-content\/uploads\/2026\/02\/5-imagem-5-sobre-a-cartilha-1024x662.png\" width=\"539\" height=\"349\" alt=\"\" class=\"wp-image-233 alignnone size-large\" style=\"display: block; margin-left: auto; margin-right: auto;\" \/><\/p>\n<h1><strong><\/strong><\/h1>\n<h1 style=\"text-align: center;\"><span style=\"color: #ffffff;\"><br \/><strong>SOBRE A <span style=\"color: #99d6f9;\">CARTILHA<\/span><\/strong><\/span><\/h1>\n<p>&nbsp;<\/p>\n<p><span style=\"color: #ffffff;\">A cartilha Todo Mundo Cabe Aqui foi criada para transformar temas importantes em conversas acess\u00edveis e significativas.<\/span><\/p>\n<p><span style=\"color: #ffffff;\">Ao longo das p\u00e1ginas, voc\u00ea encontra hist\u00f3rias, reflex\u00f5es e atividades que ajudam crian\u00e7as a compreender diferen\u00e7as, desenvolver empatia e aprender a conviver com respeito. O conte\u00fado foi pensado para ser aplicado em casa e na escola, incentivando o di\u00e1logo e a participa\u00e7\u00e3o de todos.<\/span><\/p>\n<p><span style=\"color: #ffffff;\">Mais do que um material informativo, a cartilha \u00e9 um convite para aprender junto e construir rela\u00e7\u00f5es mais humanas desde cedo.<\/span><\/p>\n<p>[\/et_pb_text][\/et_pb_column][\/et_pb_row][\/et_pb_section][et_pb_section fb_built=&#8221;1&#8243; _builder_version=&#8221;4.27.5&#8243; _module_preset=&#8221;default&#8221; background_enable_color=&#8221;off&#8221; background_image=&#8221;http:\/\/todomundocabeaqui.com.br\/wp-content\/uploads\/2026\/02\/fundo-capa-scaled.png&#8221; global_colors_info=&#8221;{}&#8221;][et_pb_row _builder_version=&#8221;4.20.2&#8243; _module_preset=&#8221;default&#8221; custom_padding=&#8221;0px|||||&#8221; global_colors_info=&#8221;{}&#8221;][et_pb_column type=&#8221;4_4&#8243; _builder_version=&#8221;4.20.2&#8243; _module_preset=&#8221;default&#8221; global_colors_info=&#8221;{}&#8221;][et_pb_text _builder_version=&#8221;4.27.5&#8243; _module_preset=&#8221;default&#8221; global_colors_info=&#8221;{}&#8221;]<\/p>\n<p><img loading=\"lazy\" decoding=\"async\" src=\"http:\/\/todomundocabeaqui.com.br\/wp-content\/uploads\/2026\/02\/7-imagem-6-proposito-social-e-educativo-1024x732.png\" width=\"613\" height=\"438\" alt=\"\" class=\"wp-image-236 alignnone size-large\" style=\"display: block; margin-left: auto; margin-right: auto;\" \/><\/p>\n<p>[\/et_pb_text][\/et_pb_column][\/et_pb_row][et_pb_row _builder_version=&#8221;4.27.5&#8243; _module_preset=&#8221;default&#8221; global_colors_info=&#8221;{}&#8221;][et_pb_column type=&#8221;4_4&#8243; _builder_version=&#8221;4.27.5&#8243; _module_preset=&#8221;default&#8221; global_colors_info=&#8221;{}&#8221;][et_pb_text _builder_version=&#8221;4.27.5&#8243; _module_preset=&#8221;default&#8221; global_colors_info=&#8221;{}&#8221;]<\/p>\n<h1 style=\"text-align: center;\"><span style=\"color: #181e46;\"><strong>DE UMA VIV\u00caNCIA PESSOAL,<\/strong><\/span><br \/><strong><span style=\"color: #181e46;\"> QUE SE TRANSFORMA EM<\/span><span style=\"color: #ffffff;\"> PROP\u00d3SITO SOCIAL <br \/>E EDUCATIVO<\/span><\/strong><br \/><span style=\"color: rgba(252, 252, 252, 0);\"><strong> E EDUCATIVO!<\/strong><\/span><\/h1>\n<ul>\n<li><span style=\"color: #181e46;\">Muitas pr\u00e1ticas excludentes n\u00e3o s\u00e3o intencionais<\/span><\/li>\n<\/ul>\n<ul>\n<li><span style=\"color: #181e46;\">Falta preparo, informa\u00e7\u00e3o e atualiza\u00e7\u00e3o de linguagem<\/span><\/li>\n<\/ul>\n<ul>\n<li><span style=\"color: #181e46;\">Boas inten\u00e7\u00f5es, sem orienta\u00e7\u00e3o, podem gerar exclus\u00e3o<\/span><\/li>\n<\/ul>\n<p><span style=\"color: #181e46;\"><strong>Diante disso, o projeto surge com o prop\u00f3sito de:<\/strong><\/span><\/p>\n<ul>\n<li><span style=\"color: #181e46;\">Contribuir para a forma\u00e7\u00e3o de uma cultura mais inclusiva<\/span><\/li>\n<\/ul>\n<ul>\n<li><span style=\"color: #181e46;\">Apoiar educadores, fam\u00edlias e institui\u00e7\u00f5es<\/span><\/li>\n<\/ul>\n<ul>\n<li><span style=\"color: #181e46;\">Atualizar falas, comportamentos e percep\u00e7\u00f5es sobre a defici\u00eancia<\/span><\/li>\n<\/ul>\n<p>[\/et_pb_text][\/et_pb_column][\/et_pb_row][\/et_pb_section][et_pb_section fb_built=&#8221;1&#8243; module_id=&#8221;contato&#8221; _builder_version=&#8221;4.27.5&#8243; _module_preset=&#8221;default&#8221; hover_enabled=&#8221;0&#8243; global_colors_info=&#8221;{}&#8221; title_text=&#8221;fundo-contatos&#8221; sticky_enabled=&#8221;0&#8243; background_color=&#8221;#9ad6f9&#8243; background_enable_image=&#8221;off&#8221;][et_pb_row _builder_version=&#8221;4.20.2&#8243; _module_preset=&#8221;default&#8221; global_colors_info=&#8221;{}&#8221;][et_pb_column type=&#8221;4_4&#8243; _builder_version=&#8221;4.20.2&#8243; _module_preset=&#8221;default&#8221; global_colors_info=&#8221;{}&#8221;][et_pb_text _builder_version=&#8221;4.27.5&#8243; _module_preset=&#8221;default&#8221; global_colors_info=&#8221;{}&#8221;]<\/p>\n<h2 style=\"text-align: center;\"><span style=\"color: #181e46;\"><strong>CONTATOS<\/p>\n<p><\/strong><\/span><\/h2>\n<p>&nbsp;<\/p>\n<p style=\"text-align: center;\"><span style=\"color: #181e46;\">Aqui, cada palavra \u00e9 um passo rumo a um mundo mais inclusivo, mais humano, mais nosso.<\/span><\/p>\n<h1 style=\"text-align: center;\"><span style=\"color: #181e46;\"><strong>PORQUE TODO MUNDO CABE AQUI<\/strong><\/span><\/h1>\n<p style=\"text-align: center;\"><span style=\"color: #181e46;\">A inclus\u00e3o \u00e9 o nosso combust\u00edvel. E o respeito,\u00a0a\u00a0dire\u00e7\u00e3o.<\/span><\/p>\n<p>&nbsp;<\/p>\n<p>[\/et_pb_text][\/et_pb_column][\/et_pb_row][et_pb_row column_structure=&#8221;1_3,1_3,1_3&#8243; _builder_version=&#8221;4.20.2&#8243; _module_preset=&#8221;default&#8221; global_colors_info=&#8221;{}&#8221;][et_pb_column type=&#8221;1_3&#8243; _builder_version=&#8221;4.20.2&#8243; _module_preset=&#8221;default&#8221; global_colors_info=&#8221;{}&#8221;][et_pb_blurb title=&#8221; (61) 99551-9408&#8243; url=&#8221;https:\/\/api.whatsapp.com\/send?phone=5561995519408&#8243; use_icon=&#8221;on&#8221; font_icon=&#8221;&#xf232;||fa||400&#8243; icon_color=&#8221;#013576&#8243; _builder_version=&#8221;4.27.4&#8243; _module_preset=&#8221;default&#8221; text_orientation=&#8221;center&#8221; link_option_url=&#8221;https:\/\/api.whatsapp.com\/send?phone=5561995519408&#8243; global_colors_info=&#8221;{}&#8221;][\/et_pb_blurb][\/et_pb_column][et_pb_column type=&#8221;1_3&#8243; _builder_version=&#8221;4.20.2&#8243; _module_preset=&#8221;default&#8221; global_colors_info=&#8221;{}&#8221;][et_pb_blurb title=&#8221;@todomundocabeaqui_&#8221; url=&#8221;https:\/\/www.instagram.com\/todomundocabeaqui_&#8221; url_new_window=&#8221;on&#8221; use_icon=&#8221;on&#8221; font_icon=&#8221;&#xf16d;||fa||400&#8243; icon_color=&#8221;#013576&#8243; _builder_version=&#8221;4.27.4&#8243; _module_preset=&#8221;default&#8221; text_orientation=&#8221;center&#8221; link_option_url=&#8221;https:\/\/www.instagram.com\/todomundocabeaqui_&#8221; link_option_url_new_window=&#8221;on&#8221; global_colors_info=&#8221;{}&#8221;][\/et_pb_blurb][\/et_pb_column][et_pb_column type=&#8221;1_3&#8243; _builder_version=&#8221;4.20.2&#8243; _module_preset=&#8221;default&#8221; global_colors_info=&#8221;{}&#8221;][et_pb_blurb title=&#8221;todomundocabeaqui.inclusiva@gmail.com&#8221; url_new_window=&#8221;on&#8221; use_icon=&#8221;on&#8221; font_icon=&#8221;&#xe010;||divi||400&#8243; icon_color=&#8221;#013576&#8243; _builder_version=&#8221;4.27.5&#8243; _module_preset=&#8221;default&#8221; header_level=&#8221;h5&#8243; text_orientation=&#8221;center&#8221; link_option_url_new_window=&#8221;on&#8221; global_colors_info=&#8221;{}&#8221;][\/et_pb_blurb][\/et_pb_column][\/et_pb_row][\/et_pb_section]<\/p>\n","protected":false},"excerpt":{"rendered":"<p>&nbsp; &nbsp; SOBRE O TODO MUNDO CABE AQUI O Todo Mundo Cabe Aqui \u00e9 um projeto educativo e social que nasce do encontro entre viv\u00eancia real, empatia e a urg\u00eancia de falar sobre inclus\u00e3o desde a inf\u00e2ncia. Nosso prop\u00f3sito \u00e9 promover o respeito \u00e0s diferen\u00e7as, combater o preconceito, o bullying e todas as formas de [&hellip;]<\/p>\n","protected":false},"author":4,"featured_media":0,"parent":0,"menu_order":0,"comment_status":"closed","ping_status":"closed","template":"","meta":{"_et_pb_use_builder":"on","_et_pb_old_content":"","_et_gb_content_width":"","footnotes":""},"class_list":["post-9","page","type-page","status-publish","hentry"],"_links":{"self":[{"href":"https:\/\/todomundocabeaqui.com.br\/index.php\/wp-json\/wp\/v2\/pages\/9","targetHints":{"allow":["GET"]}}],"collection":[{"href":"https:\/\/todomundocabeaqui.com.br\/index.php\/wp-json\/wp\/v2\/pages"}],"about":[{"href":"https:\/\/todomundocabeaqui.com.br\/index.php\/wp-json\/wp\/v2\/types\/page"}],"author":[{"embeddable":true,"href":"https:\/\/todomundocabeaqui.com.br\/index.php\/wp-json\/wp\/v2\/users\/4"}],"replies":[{"embeddable":true,"href":"https:\/\/todomundocabeaqui.com.br\/index.php\/wp-json\/wp\/v2\/comments?post=9"}],"version-history":[{"count":57,"href":"https:\/\/todomundocabeaqui.com.br\/index.php\/wp-json\/wp\/v2\/pages\/9\/revisions"}],"predecessor-version":[{"id":251,"href":"https:\/\/todomundocabeaqui.com.br\/index.php\/wp-json\/wp\/v2\/pages\/9\/revisions\/251"}],"wp:attachment":[{"href":"https:\/\/todomundocabeaqui.com.br\/index.php\/wp-json\/wp\/v2\/media?parent=9"}],"curies":[{"name":"wp","href":"https:\/\/api.w.org\/{rel}","templated":true}]}}